{"id":17,"date":"2017-12-05T11:50:17","date_gmt":"2017-12-05T10:50:17","guid":{"rendered":"http:\/\/elzbietanska.pl\/?page_id=17"},"modified":"2017-12-22T11:48:01","modified_gmt":"2017-12-22T10:48:01","slug":"gdzie-jestesmy","status":"publish","type":"page","link":"https:\/\/elzbietanska.pl\/index.php\/elzbietanska-pl\/gdzie-jestesmy\/","title":{"rendered":"Gdzie jeste\u015bmy?"},"content":{"rendered":"<div class=\"wpb-content-wrapper\"><p>[vc_row row_height_percent=&#8221;0&#8243; override_padding=&#8221;yes&#8221; h_padding=&#8221;0&#8243; top_padding=&#8221;0&#8243; bottom_padding=&#8221;0&#8243; overlay_alpha=&#8221;50&#8243; gutter_size=&#8221;3&#8243; column_width_percent=&#8221;100&#8243; shift_y=&#8221;0&#8243; z_index=&#8221;0&#8243;][vc_column column_width_percent=&#8221;100&#8243; position_vertical=&#8221;middle&#8221; override_padding=&#8221;yes&#8221; column_padding=&#8221;2&#8243; overlay_alpha=&#8221;50&#8243; gutter_size=&#8221;3&#8243; medium_width=&#8221;0&#8243; mobile_width=&#8221;0&#8243; shift_x=&#8221;0&#8243; shift_y=&#8221;0&#8243; shift_y_down=&#8221;0&#8243; z_index=&#8221;0&#8243; width=&#8221;1\/2&#8243; el_class=&#8221;tekstNaPolEkranu&#8221;][vc_column_text]<\/p>\n<h1>Gdzie jeste\u015bmy?<\/h1>\n<p>Znajdujemy si\u0119 na terenie Polski P\u00f3\u0142nocnej, w stolicy wojew\u00f3dztwa pomorskiego &#8211; Gda\u0144sku &#8211; Wenecji P\u00f3\u0142nocy. Mie\u015bcie magicznym, pe\u0142nym znak\u00f3w, pomnik\u00f3w i symboli kultury, zar\u00f3wno materialnych, jak i duchowych. Niezwyk\u0142ym miejscu przyci\u0105gaj\u0105cym nie tylko bogat\u0105 architektur\u0105 i ciekawymi zabytkami, ale tak\u017ce sklepami z &#8222;dusz\u0105&#8221;, uroczymi restauracjami i kawiarniami oraz niespotykanymi nigdzie indziej kulturalnymi imprezami tworz\u0105cymi wyj\u0105tkow\u0105 atmosfer\u0119.<\/p>\n<p>Nasze Oblackie Centrum Edukacji i Kultury znajduje si\u0119 przy ul. El\u017cbieta\u0144skiej 9 w Gda\u0144sku. Jest zabytkiem i pomnikiem historii.[\/vc_column_text][\/vc_column][vc_column column_width_percent=&#8221;100&#8243; position_vertical=&#8221;middle&#8221; override_padding=&#8221;yes&#8221; column_padding=&#8221;0&#8243; overlay_alpha=&#8221;50&#8243; gutter_size=&#8221;3&#8243; medium_width=&#8221;0&#8243; mobile_width=&#8221;0&#8243; shift_x=&#8221;0&#8243; shift_y=&#8221;0&#8243; shift_y_down=&#8221;0&#8243; z_index=&#8221;0&#8243; width=&#8221;1\/2&#8243; el_class=&#8221;zdjecieNaPolEkranu&#8221;][uncode_slider slider_interval=&#8221;0&#8243; slider_navspeed=&#8221;400&#8243;][vc_row_inner row_inner_height_percent=&#8221;100&#8243; back_image=&#8221;468&#8243; back_attachment=&#8221;scroll&#8221; back_position=&#8221;center center&#8221; overlay_alpha=&#8221;50&#8243; gutter_size=&#8221;3&#8243; shift_y=&#8221;0&#8243; z_index=&#8221;0&#8243;][vc_column_inner column_width_percent=&#8221;100&#8243; expand_height=&#8221;yes&#8221; override_padding=&#8221;yes&#8221; column_padding=&#8221;0&#8243; gutter_size=&#8221;3&#8243; overlay_alpha=&#8221;50&#8243; medium_width=&#8221;0&#8243; mobile_width=&#8221;0&#8243; shift_x=&#8221;0&#8243; shift_y=&#8221;0&#8243; shift_y_down=&#8221;0&#8243; z_index=&#8221;0&#8243; width=&#8221;1\/1&#8243;][vc_empty_space empty_h=&#8221;5&#8243;][vc_empty_space empty_h=&#8221;5&#8243;][vc_empty_space empty_h=&#8221;5&#8243;][vc_empty_space empty_h=&#8221;5&#8243;][\/vc_column_inner][\/vc_row_inner][\/uncode_slider][\/vc_column][\/vc_row][vc_row unlock_row_content=&#8221;yes&#8221; row_height_percent=&#8221;0&#8243; override_padding=&#8221;yes&#8221; h_padding=&#8221;0&#8243; top_padding=&#8221;0&#8243; bottom_padding=&#8221;0&#8243; overlay_alpha=&#8221;50&#8243; gutter_size=&#8221;3&#8243; column_width_percent=&#8221;100&#8243; shift_y=&#8221;0&#8243; z_index=&#8221;0&#8243;][vc_column width=&#8221;1\/1&#8243;][vc_gmaps map_color=&#8221;color-133570&#8243; ui_color=&#8221;color-113984&#8243; zoom=&#8221;14&#8243; map_saturation=&#8221;-20&#8243; map_brightness=&#8221;5&#8243; latlon=&#8221;54.354203, 18.647330&#8243; size=&#8221;600&#8243; address=&#8221;El\u017cbieta\u0144ska 9\/10,<br \/>\n80-001 Gda\u0144sk&#8221;][\/vc_column][\/vc_row][vc_row row_height_percent=&#8221;0&#8243; override_padding=&#8221;yes&#8221; h_padding=&#8221;0&#8243; top_padding=&#8221;0&#8243; bottom_padding=&#8221;0&#8243; overlay_alpha=&#8221;50&#8243; gutter_size=&#8221;3&#8243; column_width_percent=&#8221;100&#8243; shift_y=&#8221;0&#8243; z_index=&#8221;0&#8243;][vc_column column_width_percent=&#8221;100&#8243; overlay_alpha=&#8221;50&#8243; gutter_size=&#8221;3&#8243; medium_width=&#8221;0&#8243; mobile_width=&#8221;0&#8243; shift_x=&#8221;0&#8243; shift_y=&#8221;0&#8243; shift_y_down=&#8221;0&#8243; z_index=&#8221;0&#8243; width=&#8221;1\/2&#8243; el_class=&#8221;zdjecieNaPolEkranu&#8221;][uncode_slider][vc_row_inner row_inner_height_percent=&#8221;100&#8243; back_image=&#8221;464&#8243; back_attachment=&#8221;scroll&#8221; back_position=&#8221;center center&#8221; overlay_alpha=&#8221;50&#8243; gutter_size=&#8221;3&#8243; shift_y=&#8221;0&#8243; z_index=&#8221;0&#8243;][vc_column_inner column_width_percent=&#8221;100&#8243; position_vertical=&#8221;middle&#8221; expand_height=&#8221;yes&#8221; override_padding=&#8221;yes&#8221; column_padding=&#8221;0&#8243; gutter_size=&#8221;3&#8243; overlay_alpha=&#8221;50&#8243; medium_width=&#8221;0&#8243; mobile_width=&#8221;0&#8243; shift_x=&#8221;0&#8243; shift_y=&#8221;0&#8243; shift_y_down=&#8221;0&#8243; z_index=&#8221;0&#8243; width=&#8221;1\/1&#8243;][vc_empty_space empty_h=&#8221;5&#8243;][vc_empty_space empty_h=&#8221;5&#8243;][vc_empty_space empty_h=&#8221;5&#8243;][vc_empty_space empty_h=&#8221;5&#8243;][\/vc_column_inner][\/vc_row_inner][\/uncode_slider][\/vc_column][vc_column column_width_percent=&#8221;100&#8243; position_vertical=&#8221;middle&#8221; override_padding=&#8221;yes&#8221; column_padding=&#8221;2&#8243; overlay_alpha=&#8221;50&#8243; gutter_size=&#8221;3&#8243; medium_width=&#8221;0&#8243; mobile_width=&#8221;0&#8243; shift_x=&#8221;0&#8243; shift_y=&#8221;0&#8243; shift_y_down=&#8221;0&#8243; z_index=&#8221;0&#8243; width=&#8221;1\/2&#8243; el_class=&#8221;tekstNaPolEkranu&#8221;][vc_column_text]<\/p>\n<h2>Pomorze si\u0119 Panu Bogu uda\u0142o\u2026<\/h2>\n<p>Jedna z legend kaszubskich m\u00f3wi, i\u017c Pan B\u00f3g poch\u0142oni\u0119ty tworzeniem \u015bwiata zapomnia\u0142 o tym regionie. Gdy jeden z anio\u0142\u00f3w przypomnia\u0142 mu o tym, Pan B\u00f3g postanowi\u0142 stworzy\u0107 pi\u0119kn\u0105 krain\u0119, b\u0119d\u0105c\u0105 mieszank\u0105 wszystkiego, co mu pozosta\u0142o po stworzeniu reszty \u015bwiata. Obdarzy\u0142 wi\u0119c j\u0105 lasami i borami, jeziorami i rzekami, wydmami i morzem, klifami i piaszczyst\u0105 pla\u017c\u0105, dolinami i wzg\u00f3rzami. B\u00f3g ulepi\u0142 te\u017c ludzi i zwierz\u0119ta, a przy pomocy promieni s\u0142onecznych nada\u0142 urok ca\u0142ej krainie.<\/p>\n<p>R\u00f3\u017cnorodno\u015b\u0107 krajobrazu i pr\u0119\u017cna gospodarka sprawia, \u017ce Pomorze jest wyj\u0105tkowym regionem.<\/p>\n<p>(Za <a href=\"http:\/\/www.pomorskie.eu\">http:\/\/www.pomorskie.eu<\/a>)<\/p>\n<p>[\/vc_column_text][\/vc_column][\/vc_row][vc_row row_height_percent=&#8221;0&#8243; override_padding=&#8221;yes&#8221; h_padding=&#8221;0&#8243; top_padding=&#8221;0&#8243; bottom_padding=&#8221;0&#8243; overlay_alpha=&#8221;50&#8243; gutter_size=&#8221;3&#8243; column_width_percent=&#8221;100&#8243; shift_y=&#8221;0&#8243; z_index=&#8221;0&#8243;][vc_column column_width_percent=&#8221;100&#8243; position_vertical=&#8221;middle&#8221; override_padding=&#8221;yes&#8221; column_padding=&#8221;2&#8243; overlay_alpha=&#8221;50&#8243; gutter_size=&#8221;3&#8243; medium_width=&#8221;0&#8243; mobile_width=&#8221;0&#8243; shift_x=&#8221;0&#8243; shift_y=&#8221;0&#8243; shift_y_down=&#8221;0&#8243; z_index=&#8221;0&#8243; width=&#8221;1\/2&#8243; el_class=&#8221;tekstNaPolEkranu&#8221;][vc_column_text]<\/p>\n<h2>Gda\u0144sk &#8211; Wenecja P\u00f3\u0142nocy<\/h2>\n<p>Gda\u0144sk &#8211; nazywany Wenecj\u0105 P\u00f3\u0142nocy jest jednym z najstarszych miast Polski (patrz. <a href=\"http:\/\/www.gdanskguide.eu\">http:\/\/www.gdanskguide.eu<\/a>), wymienionym pierwszy raz w 997 r., co uznaje si\u0119 za rok jego za\u0142o\u017cenia. Miasto obchodzi\u0142o sw\u00f3j 1000-letni jubileusz w 1997 r. Po\u0142o\u017cenie Gda\u0144ska jest i by\u0142o idealne, dlatego ludzie zacz\u0119li si\u0119 tu osiedla\u0107 znacznie wcze\u015bniej. Ze wzgl\u0119du na uj\u015bcie Wis\u0142y od X wieku funkcjonowa\u0142 tu wa\u017cny punkt transportowania towar\u00f3w z miejsc po\u0142o\u017conych wzd\u0142u\u017c rzeki. Gda\u0144sk oraz ca\u0142y region pomorski sta\u0142y si\u0119 od tej pory centrum niemieckiej ekspansji na wsch\u00f3d, jak r\u00f3wnie\u017c polskiej ekspansji na p\u00f3\u0142noc. Mia\u0142o to znaczny wp\u0142yw na charakter miasta, b\u0119d\u0105cego mieszank\u0105 kilku kultur. Przez kilka stuleci Gda\u0144sk pozosta\u0142 niezale\u017cnym ksi\u0119stwem, dop\u00f3ki w XIII wieku nie przy\u0142\u0105czono go do Polski.[\/vc_column_text][\/vc_column][vc_column column_width_percent=&#8221;100&#8243; position_vertical=&#8221;middle&#8221; override_padding=&#8221;yes&#8221; column_padding=&#8221;0&#8243; overlay_alpha=&#8221;50&#8243; gutter_size=&#8221;3&#8243; medium_width=&#8221;0&#8243; mobile_width=&#8221;0&#8243; shift_x=&#8221;0&#8243; shift_y=&#8221;0&#8243; shift_y_down=&#8221;0&#8243; z_index=&#8221;0&#8243; width=&#8221;1\/2&#8243; el_class=&#8221;zdjecieNaPolEkranu&#8221;][uncode_slider slider_interval=&#8221;0&#8243; slider_navspeed=&#8221;400&#8243;][vc_row_inner row_inner_height_percent=&#8221;100&#8243; back_image=&#8221;459&#8243; back_attachment=&#8221;scroll&#8221; back_position=&#8221;center center&#8221; overlay_alpha=&#8221;50&#8243; gutter_size=&#8221;3&#8243; shift_y=&#8221;0&#8243; z_index=&#8221;0&#8243;][vc_column_inner column_width_percent=&#8221;100&#8243; expand_height=&#8221;yes&#8221; override_padding=&#8221;yes&#8221; column_padding=&#8221;0&#8243; gutter_size=&#8221;3&#8243; overlay_alpha=&#8221;50&#8243; medium_width=&#8221;0&#8243; mobile_width=&#8221;0&#8243; shift_x=&#8221;0&#8243; shift_y=&#8221;0&#8243; shift_y_down=&#8221;0&#8243; z_index=&#8221;0&#8243; width=&#8221;1\/1&#8243;][vc_empty_space empty_h=&#8221;5&#8243;][vc_empty_space empty_h=&#8221;5&#8243;][vc_empty_space empty_h=&#8221;5&#8243;][vc_empty_space empty_h=&#8221;5&#8243;][\/vc_column_inner][\/vc_row_inner][\/uncode_slider][\/vc_column][\/vc_row][vc_row row_height_percent=&#8221;0&#8243; override_padding=&#8221;yes&#8221; h_padding=&#8221;0&#8243; top_padding=&#8221;0&#8243; bottom_padding=&#8221;0&#8243; overlay_alpha=&#8221;50&#8243; gutter_size=&#8221;3&#8243; column_width_percent=&#8221;100&#8243; shift_y=&#8221;0&#8243; z_index=&#8221;0&#8243;][vc_column column_width_percent=&#8221;100&#8243; overlay_alpha=&#8221;50&#8243; gutter_size=&#8221;3&#8243; medium_width=&#8221;0&#8243; mobile_width=&#8221;0&#8243; shift_x=&#8221;0&#8243; shift_y=&#8221;0&#8243; shift_y_down=&#8221;0&#8243; z_index=&#8221;0&#8243; width=&#8221;1\/2&#8243; el_class=&#8221;zdjecieNaPolEkranu&#8221;][uncode_slider][vc_row_inner row_inner_height_percent=&#8221;100&#8243; back_image=&#8221;470&#8243; back_attachment=&#8221;scroll&#8221; back_position=&#8221;center center&#8221; overlay_alpha=&#8221;50&#8243; gutter_size=&#8221;3&#8243; shift_y=&#8221;0&#8243; z_index=&#8221;0&#8243;][vc_column_inner column_width_percent=&#8221;100&#8243; position_vertical=&#8221;middle&#8221; expand_height=&#8221;yes&#8221; override_padding=&#8221;yes&#8221; column_padding=&#8221;0&#8243; gutter_size=&#8221;3&#8243; overlay_alpha=&#8221;50&#8243; medium_width=&#8221;0&#8243; mobile_width=&#8221;0&#8243; shift_x=&#8221;0&#8243; shift_y=&#8221;0&#8243; shift_y_down=&#8221;0&#8243; z_index=&#8221;0&#8243; width=&#8221;1\/1&#8243;][vc_empty_space empty_h=&#8221;5&#8243;][vc_empty_space empty_h=&#8221;5&#8243;][vc_empty_space empty_h=&#8221;5&#8243;][vc_empty_space empty_h=&#8221;5&#8243;][\/vc_column_inner][\/vc_row_inner][\/uncode_slider][\/vc_column][vc_column column_width_percent=&#8221;100&#8243; position_vertical=&#8221;middle&#8221; override_padding=&#8221;yes&#8221; column_padding=&#8221;2&#8243; overlay_alpha=&#8221;50&#8243; gutter_size=&#8221;3&#8243; medium_width=&#8221;0&#8243; mobile_width=&#8221;0&#8243; shift_x=&#8221;0&#8243; shift_y=&#8221;0&#8243; shift_y_down=&#8221;0&#8243; z_index=&#8221;0&#8243; width=&#8221;1\/2&#8243; el_class=&#8221;tekstNaPolEkranu&#8221;][vc_column_text border_color=&#8221;transparent&#8221; border_style=&#8221;solid&#8221;]<\/p>\n<h2>II wojna \u015bwiatowa<\/h2>\n<p>Podczas II wojny \u015bwiatowej Gda\u0144sk powa\u017cnie ucierpia\u0142 z powodu rosyjskich bombardowa\u0144 w marcu 1945 r. oraz spl\u0105drowa\u0144, kt\u00f3re nast\u0105pi\u0142y p\u00f3\u017aniej. Historyczne centrum Gda\u0144ska zosta\u0142o zniszczone w prawie stu procentach.<\/p>\n<p>Miasto \u015bredniowieczne zosta\u0142o odbudowane z poszanowaniem dla historycznej stylistyki centrum. Centralne jego cz\u0119\u015bci wzniesiono stosunkowo szybko, lecz do dnia dzisiejszego istniej\u0105 obszary, kt\u00f3rych jeszcze nie zrekonstruowano. Ostatnia wi\u0119ksza odbudowa zosta\u0142a uko\u0144czona oko\u0142o roku 2000. Jako stolica wojew\u00f3dztwa pomorskiego pe\u0142ni rol\u0119 administracyjnego, gospodarczego i kulturalnego centrum regionu. Bogata historia Gda\u0144ska oraz po\u0142o\u017cenie nadmorskie, stanowi\u0105 o jego szczeg\u00f3lnych walorach.[\/vc_column_text][\/vc_column][\/vc_row][vc_row row_height_percent=&#8221;0&#8243; override_padding=&#8221;yes&#8221; h_padding=&#8221;0&#8243; top_padding=&#8221;0&#8243; bottom_padding=&#8221;0&#8243; overlay_alpha=&#8221;50&#8243; gutter_size=&#8221;3&#8243; column_width_percent=&#8221;100&#8243; shift_y=&#8221;0&#8243; z_index=&#8221;0&#8243;][vc_column column_width_percent=&#8221;100&#8243; position_vertical=&#8221;middle&#8221; override_padding=&#8221;yes&#8221; column_padding=&#8221;2&#8243; overlay_alpha=&#8221;50&#8243; gutter_size=&#8221;3&#8243; medium_width=&#8221;0&#8243; mobile_width=&#8221;0&#8243; shift_x=&#8221;0&#8243; shift_y=&#8221;0&#8243; shift_y_down=&#8221;0&#8243; z_index=&#8221;0&#8243; width=&#8221;1\/2&#8243; el_class=&#8221;tekstNaPolEkranu&#8221;][vc_column_text]<\/p>\n<h2>Tr\u00f3jmiasto<\/h2>\n<p>Ponadto Gda\u0144sk tworzy wraz z Sopotem i Gdyni\u0105 aglomeracj\u0119, zwan\u0105 Tr\u00f3jmiastem. W odr\u00f3\u017cnieniu od Gdyni, kt\u00f3ra s\u0142u\u017cy g\u0142\u00f3wnie jako port, oraz Sopotu \u2013 znanego kurortu letniego, Gda\u0144sk jest miastem turystycznym, o pi\u0119knej zabytkowej zabudowie, kt\u00f3ra przyci\u0105ga niemal tylu go\u015bci, co krakowska star\u00f3wka.[\/vc_column_text][\/vc_column][vc_column column_width_percent=&#8221;100&#8243; position_vertical=&#8221;middle&#8221; override_padding=&#8221;yes&#8221; column_padding=&#8221;0&#8243; overlay_alpha=&#8221;50&#8243; gutter_size=&#8221;3&#8243; medium_width=&#8221;0&#8243; mobile_width=&#8221;0&#8243; shift_x=&#8221;0&#8243; shift_y=&#8221;0&#8243; shift_y_down=&#8221;0&#8243; z_index=&#8221;0&#8243; width=&#8221;1\/2&#8243; el_class=&#8221;zdjecieNaPolEkranu&#8221;][uncode_slider slider_interval=&#8221;0&#8243; slider_navspeed=&#8221;400&#8243;][vc_row_inner row_inner_height_percent=&#8221;100&#8243; back_image=&#8221;472&#8243; back_attachment=&#8221;scroll&#8221; back_position=&#8221;center center&#8221; overlay_alpha=&#8221;50&#8243; gutter_size=&#8221;3&#8243; shift_y=&#8221;0&#8243; z_index=&#8221;0&#8243;][vc_column_inner column_width_percent=&#8221;100&#8243; expand_height=&#8221;yes&#8221; override_padding=&#8221;yes&#8221; column_padding=&#8221;0&#8243; gutter_size=&#8221;3&#8243; overlay_alpha=&#8221;50&#8243; medium_width=&#8221;0&#8243; mobile_width=&#8221;0&#8243; shift_x=&#8221;0&#8243; shift_y=&#8221;0&#8243; shift_y_down=&#8221;0&#8243; z_index=&#8221;0&#8243; width=&#8221;1\/1&#8243;][vc_empty_space empty_h=&#8221;5&#8243;][vc_empty_space empty_h=&#8221;5&#8243;][vc_empty_space empty_h=&#8221;5&#8243;][vc_empty_space empty_h=&#8221;5&#8243;][\/vc_column_inner][\/vc_row_inner][\/uncode_slider][\/vc_column][\/vc_row]<\/p>\n<\/div>","protected":false},"excerpt":{"rendered":"<p>[vc_row row_height_percent=&#8221;0&#8243; override_padding=&#8221;yes&#8221; h_padding=&#8221;0&#8243; top_padding=&#8221;0&#8243; bottom_padding=&#8221;0&#8243; overlay_alpha=&#8221;50&#8243; gutter_size=&#8221;3&#8243; column_width_percent=&#8221;100&#8243; shift_y=&#8221;0&#8243; z_index=&#8221;0&#8243;][vc_column column_width_percent=&#8221;100&#8243; position_vertical=&#8221;middle&#8221; override_padding=&#8221;yes&#8221; column_padding=&#8221;2&#8243; overlay_alpha=&#8221;50&#8243; gutter_size=&#8221;3&#8243; medium_width=&#8221;0&#8243; mobile_width=&#8221;0&#8243; shift_x=&#8221;0&#8243; [&hellip;]<\/p>\n","protected":false},"author":1,"featured_media":0,"parent":15,"menu_order":0,"comment_status":"closed","ping_status":"closed","template":"","meta":{"footnotes":""},"class_list":["post-17","page","type-page","status-publish","hentry"],"_links":{"self":[{"href":"https:\/\/elzbietanska.pl\/index.php\/wp-json\/wp\/v2\/pages\/17","targetHints":{"allow":["GET"]}}],"collection":[{"href":"https:\/\/elzbietanska.pl\/index.php\/wp-json\/wp\/v2\/pages"}],"about":[{"href":"https:\/\/elzbietanska.pl\/index.php\/wp-json\/wp\/v2\/types\/page"}],"author":[{"embeddable":true,"href":"https:\/\/elzbietanska.pl\/index.php\/wp-json\/wp\/v2\/users\/1"}],"replies":[{"embeddable":true,"href":"https:\/\/elzbietanska.pl\/index.php\/wp-json\/wp\/v2\/comments?post=17"}],"version-history":[{"count":20,"href":"https:\/\/elzbietanska.pl\/index.php\/wp-json\/wp\/v2\/pages\/17\/revisions"}],"predecessor-version":[{"id":513,"href":"https:\/\/elzbietanska.pl\/index.php\/wp-json\/wp\/v2\/pages\/17\/revisions\/513"}],"up":[{"embeddable":true,"href":"https:\/\/elzbietanska.pl\/index.php\/wp-json\/wp\/v2\/pages\/15"}],"wp:attachment":[{"href":"https:\/\/elzbietanska.pl\/index.php\/wp-json\/wp\/v2\/media?parent=17"}],"curies":[{"name":"wp","href":"https:\/\/api.w.org\/{rel}","templated":true}]}}