{"id":21,"date":"2017-12-05T11:51:21","date_gmt":"2017-12-05T10:51:21","guid":{"rendered":"http:\/\/elzbietanska.pl\/?page_id=21"},"modified":"2017-12-18T12:01:17","modified_gmt":"2017-12-18T11:01:17","slug":"oferta-kulturalna","status":"publish","type":"page","link":"https:\/\/elzbietanska.pl\/index.php\/oferta-kulturalna\/","title":{"rendered":"Oferta kulturalna"},"content":{"rendered":"<div class=\"wpb-content-wrapper\"><p>[vc_row][vc_column][vc_column_text]<\/p>\n<h1>Oferta kulturalna<\/h1>\n<p>Renowacja zespo\u0142u klasztornego pw. \u015bw. J\u00f3zefa wpisuje si\u0119 w szeroki zakres dzia\u0142a\u0144 realizowanych przez w\u0142adze miasta Gda\u0144ska do jeszcze efektywniejszej promocji miasta, jego dziedzictwa kulturowego i wysokiej jako\u015bci oferty kulturalnej.<\/p>\n<p>Do tej pory jedynym elementem dzia\u0142ania naszego obiektu w sferze kultury by\u0142o coroczne udost\u0119pnianie ko\u015bcio\u0142a dla Polskiej Filharmonii Ba\u0142tyckiej im. Fryderyka Chopina w Gda\u0144sku dla wykonania koncertu muzyki powa\u017cnej podczas Jarmarku Dominika\u0144skiego. Teraz chcemy to zmieni\u0107 i zaoferowa\u0107 znacznie wi\u0119cej! Nasza oferta ruszy w 2019 r.[\/vc_column_text][vc_column_text]<\/p>\n<h2>Co proponujemy?<\/h2>\n<p>Jeste\u015bmy w trakcie przygotowywania bogatej oferty wydarze\u0144 kulturalnych i edukacyjnych w naszym centrum. W ofercie tej znajd\u0105 si\u0119 m.in.:<\/p>\n<p>[\/vc_column_text][\/vc_column][\/vc_row][vc_row][vc_column width=&#8221;1\/2&#8243;][vc_icon display=&#8221;inline&#8221; icon_image=&#8221;437&#8243; title=&#8221;Cykliczne koncerty muzyczne&#8221;]koncerty i prezentacje wsp\u00f3\u0142czesnej sceny muzyki chrze\u015bcija\u0144skiej, w tym zespo\u0142\u00f3w amatorskich oraz profesjonalnych artyst\u00f3w (sala wielofunkcyjna i\/lub przestrze\u0144 ko\u015bcio\u0142a \u015bw. J\u00f3zefa)[\/vc_icon][\/vc_column][vc_column width=&#8221;1\/2&#8243;][vc_icon display=&#8221;inline&#8221; icon_image=&#8221;499&#8243; title=&#8221;Warsztaty dla m\u0142odzie\u017cy i doros\u0142ych&#8221;]tygodniowe i weekendowe, po\u015bwi\u0119cone edukacji i formacji intelektualnej i\u00a0studyjnej filozoficzno\u2013teologicznej, a tak\u017ce formacji spo\u0142ecznej (sala wielofunkcyjna, sale warsztatowe, sale zaj\u0119\u0107 indywidualnych);[\/vc_icon][\/vc_column][\/vc_row][vc_row][vc_column width=&#8221;1\/2&#8243;][vc_icon display=&#8221;inline&#8221; icon_image=&#8221;442&#8243; title=&#8221;Warsztaty taneczne, muzyczne i\/lub teatralne&#8221;](sale warsztatowe, sale zaj\u0119\u0107 indywidualnych);[\/vc_icon][\/vc_column][vc_column width=&#8221;1\/2&#8243;][vc_icon display=&#8221;inline&#8221; icon_image=&#8221;441&#8243; title=&#8221;Otwarty przegl\u0105d form teatralnych&#8221;]amatorskie zespo\u0142y prezentuj\u0105ce formy teatralne (pantomima, drama itp.) bazuj\u0105ce na tematach biblijnych;[\/vc_icon][\/vc_column][\/vc_row][vc_row][vc_column width=&#8221;1\/2&#8243;][vc_icon display=&#8221;inline&#8221; icon_image=&#8221;498&#8243; title=&#8221;Cykliczne prelekcje i wystawy nawi\u0105zuj\u0105ce do charakteru miejsca jako \u201eSanktuarium ofiar nieludzkich system\u00f3w\u201d&#8221;]przedstawienie zar\u00f3wno wymiaru historycznego, jak i wsp\u00f3\u0142czesnego sytuacji os\u00f3b i grup ludno\u015bci prze\u015bladowanych w r\u00f3\u017cnych cz\u0119\u015bciach \u015bwiata (m.in. ofiary wsp\u00f3\u0142czesnych wojen, prze\u015bladowania za wyznawan\u0105 wiar\u0119 lub pogl\u0105dy, problemy biedy i nier\u00f3wno\u015bci spo\u0142ecznych w krajach Globalnego Po\u0142udnia), po\u0142\u0105czone z akcjami charytatywnymi (sala wielofunkcyjna, sale warsztatowe, ci\u0105gi komunikacyjne);[\/vc_icon][\/vc_column][vc_column width=&#8221;1\/2&#8243;][vc_icon display=&#8221;inline&#8221; icon_image=&#8221;440&#8243; title=&#8221;Cykliczne wydarzenie \u201eKulturalny wiecz\u00f3r we dwoje\u201d &#8222;]propozycja sp\u0119dzenia wsp\u00f3lnie czasu dla par (ma\u0142\u017ce\u0144stwa, narzeczeni), w zaaran\u017cowanej przestrzeni, z udzia\u0142em w wydarzeniu kulturalnym\/artystycznym, np. wyst\u0119pie na \u017cywo zespo\u0142\u00f3w muzycznych lub solist\u00f3w, projekcji filmowej lub wys\u0142uchania wyk\u0142adu zaproszonego go\u015bcia \u2013 tematyka wyk\u0142adu dotycz\u0105ca kultury, rodziny, wychowania, itp. (sala wielofunkcyjna; mo\u017cliwo\u015b\u0107 wykorzystania sal warsztatowych do zapewnienia opieki nad dzie\u0107mi w formie zaj\u0119\u0107 edukacyjno-kulturalnych);[\/vc_icon][\/vc_column][\/vc_row][vc_row][vc_column width=&#8221;1\/2&#8243;][vc_icon display=&#8221;inline&#8221; icon_image=&#8221;438&#8243; title=&#8221;Debaty i spotkania autorskie tw\u00f3rc\u00f3w literatury wsp\u00f3\u0142czesnej oraz zaproszonych go\u015bci&#8221;](sala wielofunkcyjna, sale warsztatowe);[\/vc_icon][\/vc_column][vc_column width=&#8221;1\/2&#8243;][vc_icon display=&#8221;inline&#8221; icon_image=&#8221;440&#8243; title=&#8221;Inkubator Kultury dla m\u0142odych artyst\u00f3w&#8221;]udost\u0119pnianie pomieszcze\u0144 m\u0142odym artystom (w tym czasowo przyje\u017cd\u017caj\u0105cym do Gda\u0144ska, np. uczniom i studentom szk\u00f3\u0142 i uczelni artystycznych) do prowadzenia tw\u00f3rczo\u015bci, planowania i przygotowywania wydarze\u0144, przeprowadzania pr\u00f3b, itp. (sale warsztatowe, sale zaj\u0119\u0107 indywidualnych);[\/vc_icon][\/vc_column][\/vc_row][vc_row][vc_column width=&#8221;1\/2&#8243;][vc_icon display=&#8221;inline&#8221; icon_image=&#8221;445&#8243; title=&#8221;Organizacja wystaw czasowych&#8221;](dziedzictwo kulturalne i duchowe oraz wsp\u00f3\u0142czesno\u015b\u0107 Zgromadzenia Misjonarzy Oblat\u00f3w Maryi Niepokalanej) oraz organizacji ekspozycji malarstwa, grafiki, rze\u017aby, ceramiki, tkanin artystycznych i innych dzie\u0142 wykorzystuj\u0105cych nowe techniki tw\u00f3rcze, fotografii, instalacji multimedialnych i zdarze\u0144 artystycznych oraz ekspozycji zbior\u00f3w prywatnych kolekcji i\u00a0organizowania wystaw tematycznych (sala wielofunkcyjna, sale warsztatowe, ci\u0105gi komunikacyjne);[\/vc_icon][\/vc_column][vc_column width=&#8221;1\/2&#8243;][vc_icon display=&#8221;inline&#8221; icon_image=&#8221;500&#8243; title=&#8221;Udost\u0119pnianie sta\u0142ej przestrzeni sprzyjaj\u0105cej wyciszeniu i medytacji,&#8221;]gdzie odwiedzaj\u0105cym towarzyszy t\u0142o muzyczne oraz iluminacja \u015bwietlna;[\/vc_icon][\/vc_column][\/vc_row][vc_row][vc_column column_width_percent=&#8221;100&#8243; position_vertical=&#8221;middle&#8221; overlay_alpha=&#8221;50&#8243; gutter_size=&#8221;3&#8243; medium_width=&#8221;0&#8243; mobile_width=&#8221;0&#8243; shift_x=&#8221;0&#8243; shift_y=&#8221;0&#8243; shift_y_down=&#8221;0&#8243; z_index=&#8221;0&#8243; width=&#8221;1\/4&#8243;][vc_separator][\/vc_column][vc_column width=&#8221;1\/2&#8243;][vc_icon display=&#8221;inline&#8221; icon_image=&#8221;443&#8243; title=&#8221;Udost\u0119pnienie ko\u015bcio\u0142a dla odwiedzaj\u0105cych i turyst\u00f3w pod zwiedzanie&#8221;](minimum 8 godzin dziennie w dni powszednie i minimum 5 godzin w niedziele i dni \u015bwi\u0105teczne);[\/vc_icon][\/vc_column][vc_column column_width_percent=&#8221;100&#8243; position_vertical=&#8221;middle&#8221; overlay_alpha=&#8221;50&#8243; gutter_size=&#8221;3&#8243; medium_width=&#8221;0&#8243; mobile_width=&#8221;0&#8243; shift_x=&#8221;0&#8243; shift_y=&#8221;0&#8243; shift_y_down=&#8221;0&#8243; z_index=&#8221;0&#8243; width=&#8221;1\/4&#8243;][vc_separator][\/vc_column][\/vc_row][vc_row][vc_column width=&#8221;1\/1&#8243;][vc_column_text]<\/p>\n<p>Dodatkowo w kondygnacji piwnicy przewidziano herbaciarni\u0119 z bufetem oraz zapleczem socjalnym i toalet\u0105. W\u00a0okresie letnim herbaciarnia b\u0119dzie r\u00f3wnie\u017c funkcjonowa\u0142a w przestrzeni wirydarza. B\u0119dzie to przestrze\u0144 dyskusji, rozm\u00f3w i odpoczynku w klimacie kultury.<\/p>\n<h2>Dla kogo?<\/h2>\n<p>Na realizacji naszego projektu skorzystaj\u0105:<\/p>\n<ul>\n<li>mieszka\u0144cy Polski w szczeg\u00f3lno\u015bci wojew\u00f3dztw pomorskiego, kujawsko-pomorskiego, warmi\u0144sko-mazurskiego, mazowieckiego, \u0142\u00f3dzkiego, dolno\u015bl\u0105skiego, lubelskiego, \u015bl\u0105skiego, \u015bwi\u0119tokrzyskiego, opolskiego<\/li>\n<li>spo\u0142eczno\u015bci Miasta Gda\u0144sk (powiat grodzki) i powiatu ziemskiego<\/li>\n<li>podmioty gospodarcze prowadz\u0105ce dzia\u0142alno\u015b\u0107 w obszarze strefy oko\u0142o kulturalnej i turystycznej, w tym przewodnicy<\/li>\n<li>w\u0142adze lokalne i ponadlokalne.<\/li>\n<\/ul>\n<p>Projekt kierujemy do nast\u0119puj\u0105cych grup:<\/p>\n<ul>\n<li>os\u00f3b zainteresowanych turystyk\u0105 kulturow\u0105 z Polski, w szczeg\u00f3lno\u015bci z wojew\u00f3dztw pomorskiego, kujawsko-pomorskiego, warmi\u0144sko-mazurskiego, mazowieckiego, \u0142\u00f3dzkiego, dolno\u015bl\u0105skiego, lubelskiego, \u015bl\u0105skiego, \u015bwi\u0119tokrzyskiego, opolskiego<\/li>\n<li>uczestnik\u00f3w wydarze\u0144 i imprez kulturalnych,<\/li>\n<li>m\u0142odzie\u017cy szkolnej i student\u00f3w,<\/li>\n<li>mieszka\u0144c\u00f3w Gda\u0144ska i okolic,<\/li>\n<li>os\u00f3b niepe\u0142nosprawnych, senior\u00f3w i rodzic\u00f3w z dzie\u0107mi,<\/li>\n<li>instytucji wsp\u00f3\u0142pracuj\u0105cych, w tym klasztor\u00f3w oblackich i parafii z r\u00f3\u017cnych obszar\u00f3w Polski oraz podmiot\u00f3w z zakresu obs\u0142ugi ruchu turystycznego<\/li>\n<\/ul>\n<p>Podkre\u015bli\u0107 nale\u017cy, \u017ce misj\u0105 misjonarzy oblat\u00f3w, kt\u00f3rzy opiekuj\u0105 si\u0119 tym miejscem, jest troska o najubo\u017cszych. Dlatego nasza oferta b\u0119dzie dost\u0119pna dla wszystkich grup spo\u0142ecznych bez wzgl\u0119du na jak\u0105kolwiek cech\u0119 danej osoby, w szczeg\u00f3lno\u015bci p\u0142e\u0107, orientacj\u0119 seksualn\u0105, wiek, pochodzenie etniczne i rasowe, wyznanie i pogl\u0105dy religijne czy niepe\u0142nosprawno\u015b\u0107, poziom wykszta\u0142cenia, status ekonomiczny i inne okoliczno\u015bci.<\/p>\n<p>W bogatej ofercie w\u0142adz miasta Gda\u0144ska widoczne s\u0105 braki na bezp\u0142atne, wysokiej jako\u015bci wydarzenia kulturalne o wi\u0119kszej i mniejszej skali. St\u0105d zr\u00f3\u017cnicowana oferta edukacyjno-kulturalna dost\u0119pna dla ka\u017cdego nieodp\u0142atnie wype\u0142ni istniej\u0105ca nisz\u0119 na rynku.[\/vc_column_text][\/vc_column][\/vc_row]<\/p>\n<\/div>","protected":false},"excerpt":{"rendered":"<p>[vc_row][vc_column][vc_column_text] Oferta kulturalna Renowacja zespo\u0142u klasztornego pw. \u015bw. J\u00f3zefa wpisuje si\u0119 w szeroki zakres dzia\u0142a\u0144 realizowanych przez w\u0142adze miasta Gda\u0144ska [&hellip;]<\/p>\n","protected":false},"author":1,"featured_media":0,"parent":0,"menu_order":0,"comment_status":"closed","ping_status":"closed","template":"","meta":{"footnotes":""},"class_list":["post-21","page","type-page","status-publish","hentry"],"_links":{"self":[{"href":"https:\/\/elzbietanska.pl\/index.php\/wp-json\/wp\/v2\/pages\/21","targetHints":{"allow":["GET"]}}],"collection":[{"href":"https:\/\/elzbietanska.pl\/index.php\/wp-json\/wp\/v2\/pages"}],"about":[{"href":"https:\/\/elzbietanska.pl\/index.php\/wp-json\/wp\/v2\/types\/page"}],"author":[{"embeddable":true,"href":"https:\/\/elzbietanska.pl\/index.php\/wp-json\/wp\/v2\/users\/1"}],"replies":[{"embeddable":true,"href":"https:\/\/elzbietanska.pl\/index.php\/wp-json\/wp\/v2\/comments?post=21"}],"version-history":[{"count":13,"href":"https:\/\/elzbietanska.pl\/index.php\/wp-json\/wp\/v2\/pages\/21\/revisions"}],"predecessor-version":[{"id":501,"href":"https:\/\/elzbietanska.pl\/index.php\/wp-json\/wp\/v2\/pages\/21\/revisions\/501"}],"wp:attachment":[{"href":"https:\/\/elzbietanska.pl\/index.php\/wp-json\/wp\/v2\/media?parent=21"}],"curies":[{"name":"wp","href":"https:\/\/api.w.org\/{rel}","templated":true}]}}