{"id":706,"date":"2018-05-24T20:40:50","date_gmt":"2018-05-24T18:40:50","guid":{"rendered":"http:\/\/elzbietanska.pl\/?page_id=706"},"modified":"2018-05-24T21:51:15","modified_gmt":"2018-05-24T19:51:15","slug":"polityka-cookies","status":"publish","type":"page","link":"https:\/\/elzbietanska.pl\/index.php\/polityka-cookies\/","title":{"rendered":"Polityka cookies"},"content":{"rendered":"<h1>Polityka cookies<\/h1>\n<div>\n<p>Niniejsza Polityka dotyczy plik\u00f3w \u201ecookies\u201d i odnosi si\u0119 do stron portalu internetowego elzbietanska.pl z jego wszystkimi subdomenami (zwanymi dalej: \u201eStronami internetowymi\u201d), kt\u00f3rych w\u0142a\u015bcicielem jest Prowincja Misjonarzy Oblat\u00f3w Maryi Niepokalanej z siedzib\u0105 w Poznaniu\u00a060-102, ul. Ostatnia 14.<\/p>\n<p>2.1. Poprzez pliki \u201ecookies\u201d nale\u017cy rozumie\u0107 dane informatyczne, w szczeg\u00f3lno\u015bci pliki tekstowe, przechowywane w urz\u0105dzeniach ko\u0144cowych u\u017cytkownik\u00f3w przeznaczone do korzystania ze stron internetowych. Pliki te pozwalaj\u0105 rozpozna\u0107 urz\u0105dzenie u\u017cytkownika i odpowiednio wy\u015bwietli\u0107 stron\u0119 internetow\u0105 dostosowan\u0105 do jego indywidualnych preferencji. \u201eCookies\u201d zazwyczaj zawieraj\u0105 nazw\u0119 strony internetowej z kt\u00f3rej pochodz\u0105, czas przechowywania ich na urz\u0105dzeniu ko\u0144cowym oraz unikalny numer.<\/p>\n<p>2.2. Pliki \u201ecookies\u201d u\u017cywane s\u0105 w celu dostosowania zawarto\u015bci stron internetowych do preferencji u\u017cytkownika optymalizacji korzystania ze stron internetowych. U\u017cywane s\u0105 r\u00f3wnie\u017c w celu tworzenia anonimowych, zagregowanych statystyk, kt\u00f3re pomagaj\u0105 zrozumie\u0107, w jaki spos\u00f3b u\u017cytkownik korzysta ze stron internetowych co umo\u017cliwia ulepszanie ich struktury i zawarto\u015bci, z wy\u0142\u0105czeniem personalnej identyfikacji u\u017cytkownika.<\/p>\n<p>2.3. Stosowane s\u0105 dwa rodzaje plik\u00f3w \u201ecookies\u201d \u2013 \u201esesyjne\u201d oraz \u201esta\u0142e\u201d. Pierwsze z nich s\u0105 plikami tymczasowymi, kt\u00f3re pozostaj\u0105 na urz\u0105dzeniu u\u017cytkownika, a\u017c do wylogowania ze strony internetowej lub wy\u0142\u0105czenia oprogramowania (przegl\u0105darki internetowej). \u201eSta\u0142e\u201d pliki pozostaj\u0105 na urz\u0105dzeniu u\u017cytkownika przez czas okre\u015blony w parametrach plik\u00f3w \u201ecookies\u201d albo do momentu ich r\u0119cznego usuni\u0119cia przez u\u017cytkownika.<\/p>\n<p>Pliki \u201ecookies\u201d wykorzystywane przez partner\u00f3w operatora strony internetowej, w tym w szczeg\u00f3lno\u015bci u\u017cytkownik\u00f3w strony internetowej, podlegaj\u0105 ich w\u0142asnej polityce prywatno\u015bci.<\/p>\n<p>2.4. Dane osobowe gromadzone przy u\u017cyciu plik\u00f3w \u201ecookies\u201d mog\u0105 by\u0107 zbierane wy\u0142\u0105cznie w celu wykonywania okre\u015blonych funkcji na rzecz u\u017cytkownika. Takie dane s\u0105 zaszyfrowane w spos\u00f3b uniemo\u017cliwiaj\u0105cy dost\u0119p do nich osobom nieuprawnionym.<\/p>\n<p>2.5. Standardowo oprogramowanie s\u0142u\u017c\u0105ce do przegl\u0105dania stron internetowych domy\u015blnie dopuszcza umieszczanie plik\u00f3w \u201ecookies\u201d na urz\u0105dzeniu ko\u0144cowym. Ustawienia te mog\u0105 zosta\u0107 zmienione w taki spos\u00f3b, aby blokowa\u0107 automatyczn\u0105 obs\u0142ug\u0119 plik\u00f3w \u201ecookies\u201d w ustawieniach przegl\u0105darki internetowej b\u0105d\u017a informowa\u0107 o ich ka\u017cdorazowym przes\u0142aniu na urz\u0105dzenie u\u017cytkownika. Szczeg\u00f3\u0142owe informacje o mo\u017cliwo\u015bci i sposobach obs\u0142ugi plik\u00f3w \u201ecookies\u201d dost\u0119pne s\u0105 w ustawieniach oprogramowania (przegl\u0105darki internetowej).<\/p>\n<p>2.6 elzbietanska.pl umo\u017cliwia innym podmiotom wykorzystywanie technologii cookies oraz innych podobnych technologii na stronach internetowych oraz aplikacjach elzbietanska.pl. Nale\u017c\u0105 do nich<br \/>\n\u2013 Facebook \u2013 na stronach internetowych elzbietanska.pl znajduj\u0105 si\u0119 przyciski Lubi\u0119 to i Rekomenduj\/Podziel si\u0119, a tak\u017ce inne elementy powi\u0105zane z serwisem Facebook. W tym celu w odpowiednich sekcjach i stronach umieszczany jest kod odwo\u0142uj\u0105cy si\u0119 do serwisu Facebook. U\u017cywaj\u0105c przycisku Lubi\u0119 to lub rekomenduj\u0105c obraz b\u0105d\u017a sekcje strony, u\u017cytkownik loguje si\u0119 w serwisie Facebook, w kt\u00f3rym obowi\u0105zuj\u0105 zasady ochrony prywatno\u015bci firmy Facebook. Z zasadami tymi mo\u017cna zapozna\u0107 si\u0119\u00a0<a href=\"http:\/\/pl-pl.facebook.com\/help\/cookies\" target=\"_blank\" rel=\"noopener\"><u><b>http:\/\/pl-pl.facebook.com\/help\/cookies<\/b><\/u><\/a><\/p>\n<p>\u2013 Youtube \u2013 na stronach internetowych elzbietanska.pl osadzane s\u0105 (z wykorzystaniem mechanizmu tzw. embedowania) materia\u0142y wideo udost\u0119pniane w serwisie YouTube. W tym celu w odpowiednich sekcjach i stronach umieszczany jest kod odwo\u0142uj\u0105cy si\u0119 do serwisu YouTube. YouTube \u015bledzi odtwarzanie klip\u00f3w wideo, a \u015bledzenie to odbywa si\u0119 zgodnie z zasadami ochrony prywatno\u015bci, kt\u00f3re s\u0105 dost\u0119pne\u00a0<a href=\"http:\/\/www.google.com\/intl\/en\/policies\/privacy\/\" target=\"_blank\" rel=\"noopener\"><b>http:\/\/www.google.com\/intl\/en\/policies\/privacy\/<\/b><\/a><\/p>\n<\/div>\n<div>\n<p>\u2013 Google \u2013 wykorzystuj\u0105c oprogramowanie Google Analytics, witryna zamieszcza w komputerze u\u017cytkownika kody zliczaj\u0105ce umo\u017cliwiaj\u0105ce zbieranie danych o u\u017cytkownikach. W ka\u017cdej chwili u\u017cytkownik mo\u017ce sprzeciwi\u0107 si\u0119 zbieraniu danych przez oprogramowanie Google Analitycs lub Gemius poprzez zmiany ustawie\u0144 przegl\u0105darki internetowej.<\/p>\n<p>Ograniczenie stosowania plik\u00f3w \u201ecookies\u201d, mo\u017ce wp\u0142yn\u0105\u0107 na niekt\u00f3re funkcjonalno\u015bci dost\u0119pne na stronie internetowej.<\/p>\n<\/div>\n","protected":false},"excerpt":{"rendered":"<p>Polityka cookies Niniejsza Polityka dotyczy plik\u00f3w \u201ecookies\u201d i odnosi si\u0119 do stron portalu internetowego elzbietanska.pl z jego wszystkimi subdomenami (zwanymi [&hellip;]<\/p>\n","protected":false},"author":1,"featured_media":0,"parent":0,"menu_order":0,"comment_status":"closed","ping_status":"closed","template":"","meta":{"footnotes":""},"class_list":["post-706","page","type-page","status-publish","hentry"],"_links":{"self":[{"href":"https:\/\/elzbietanska.pl\/index.php\/wp-json\/wp\/v2\/pages\/706","targetHints":{"allow":["GET"]}}],"collection":[{"href":"https:\/\/elzbietanska.pl\/index.php\/wp-json\/wp\/v2\/pages"}],"about":[{"href":"https:\/\/elzbietanska.pl\/index.php\/wp-json\/wp\/v2\/types\/page"}],"author":[{"embeddable":true,"href":"https:\/\/elzbietanska.pl\/index.php\/wp-json\/wp\/v2\/users\/1"}],"replies":[{"embeddable":true,"href":"https:\/\/elzbietanska.pl\/index.php\/wp-json\/wp\/v2\/comments?post=706"}],"version-history":[{"count":2,"href":"https:\/\/elzbietanska.pl\/index.php\/wp-json\/wp\/v2\/pages\/706\/revisions"}],"predecessor-version":[{"id":708,"href":"https:\/\/elzbietanska.pl\/index.php\/wp-json\/wp\/v2\/pages\/706\/revisions\/708"}],"wp:attachment":[{"href":"https:\/\/elzbietanska.pl\/index.php\/wp-json\/wp\/v2\/media?parent=706"}],"curies":[{"name":"wp","href":"https:\/\/api.w.org\/{rel}","templated":true}]}}