{"id":714,"date":"2019-07-24T11:34:51","date_gmt":"2019-07-24T09:34:51","guid":{"rendered":"http:\/\/elzbietanska.pl\/?page_id=714"},"modified":"2021-08-09T13:48:41","modified_gmt":"2021-08-09T11:48:41","slug":"herbaciarnia","status":"publish","type":"page","link":"https:\/\/elzbietanska.pl\/index.php\/oferta-kulturalna\/herbaciarnia\/","title":{"rendered":"Herbaciarnia u Oblat\u00f3w"},"content":{"rendered":"<p><img decoding=\"async\" class=\"alignleft size-medium wp-image-1573\" src=\"http:\/\/elzbietanska.pl\/wp-content\/uploads\/2021\/08\/herba-2-300x225.jpg\" alt=\"\" width=\"300\" height=\"225\" srcset=\"https:\/\/elzbietanska.pl\/wp-content\/uploads\/2021\/08\/herba-2-300x225.jpg 300w, https:\/\/elzbietanska.pl\/wp-content\/uploads\/2021\/08\/herba-2-768x576.jpg 768w, https:\/\/elzbietanska.pl\/wp-content\/uploads\/2021\/08\/herba-2.jpg 888w\" sizes=\"(max-width: 300px) 100vw, 300px\" \/><img decoding=\"async\" class=\"alignleft size-medium wp-image-1571\" src=\"http:\/\/elzbietanska.pl\/wp-content\/uploads\/2021\/08\/herba-1-300x169.jpg\" alt=\"\" width=\"300\" height=\"169\" srcset=\"https:\/\/elzbietanska.pl\/wp-content\/uploads\/2021\/08\/herba-1-300x169.jpg 300w, https:\/\/elzbietanska.pl\/wp-content\/uploads\/2021\/08\/herba-1-768x432.jpg 768w, https:\/\/elzbietanska.pl\/wp-content\/uploads\/2021\/08\/herba-1.jpg 1008w\" sizes=\"(max-width: 300px) 100vw, 300px\" \/>Je\u015bli lubisz nastrojowe wn\u0119trza, typowe dla gda\u0144skich uliczek, z przyjemno\u015bci\u0105 wypijesz herbat\u0119 lub kaw\u0119 w naszej Herbaciarni w piwnicy dawnego kapitularza. Ceg\u0142a i nastrojowe o\u015bwietlenie dodadz\u0105 uroku Twoim spotkaniom z przyjaci\u00f3\u0142mi, bliskimi lub cho\u0107by nawet z ciekaw\u0105 ksi\u0105\u017ck\u0105.<\/p>\n<p>&nbsp;<\/p>\n<p>W okresie letnim skorzystaj z miejsc dla go\u015bci na otwartej tej przestrzeni wirydarza. Wieczorn\u0105 por\u0105 mo\u017cesz trafi\u0107 na przyjemny wyst\u0119p artystyczny i mi\u0142o sp\u0119dzi\u0107 czas.<\/p>\n<p><img decoding=\"async\" class=\"alignleft wp-image-1138\" src=\"http:\/\/elzbietanska.pl\/wp-content\/uploads\/2020\/07\/herba-lemo-224x300.jpg\" alt=\"\" width=\"176\" height=\"236\" srcset=\"https:\/\/elzbietanska.pl\/wp-content\/uploads\/2020\/07\/herba-lemo-224x300.jpg 224w, https:\/\/elzbietanska.pl\/wp-content\/uploads\/2020\/07\/herba-lemo-765x1024.jpg 765w, https:\/\/elzbietanska.pl\/wp-content\/uploads\/2020\/07\/herba-lemo-768x1028.jpg 768w, https:\/\/elzbietanska.pl\/wp-content\/uploads\/2020\/07\/herba-lemo.jpg 1000w\" sizes=\"(max-width: 176px) 100vw, 176px\" \/> \u00a0\u00a0\u00a0 <img decoding=\"async\" class=\"alignleft  wp-image-1071\" src=\"http:\/\/elzbietanska.pl\/wp-content\/uploads\/2020\/05\/herbaciarnia-logo-2-300x152.jpg\" alt=\"\" width=\"288\" height=\"146\" srcset=\"https:\/\/elzbietanska.pl\/wp-content\/uploads\/2020\/05\/herbaciarnia-logo-2-300x152.jpg 300w, https:\/\/elzbietanska.pl\/wp-content\/uploads\/2020\/05\/herbaciarnia-logo-2-768x389.jpg 768w, https:\/\/elzbietanska.pl\/wp-content\/uploads\/2020\/05\/herbaciarnia-logo-2.jpg 1000w\" sizes=\"(max-width: 288px) 100vw, 288px\" \/><\/p>\n","protected":false},"excerpt":{"rendered":"<p>Je\u015bli lubisz nastrojowe wn\u0119trza, typowe dla gda\u0144skich uliczek, z przyjemno\u015bci\u0105 wypijesz herbat\u0119 lub kaw\u0119 w naszej Herbaciarni w piwnicy dawnego [&hellip;]<\/p>\n","protected":false},"author":2,"featured_media":718,"parent":21,"menu_order":0,"comment_status":"closed","ping_status":"closed","template":"","meta":{"footnotes":""},"class_list":["post-714","page","type-page","status-publish","has-post-thumbnail","hentry"],"_links":{"self":[{"href":"https:\/\/elzbietanska.pl\/index.php\/wp-json\/wp\/v2\/pages\/714","targetHints":{"allow":["GET"]}}],"collection":[{"href":"https:\/\/elzbietanska.pl\/index.php\/wp-json\/wp\/v2\/pages"}],"about":[{"href":"https:\/\/elzbietanska.pl\/index.php\/wp-json\/wp\/v2\/types\/page"}],"author":[{"embeddable":true,"href":"https:\/\/elzbietanska.pl\/index.php\/wp-json\/wp\/v2\/users\/2"}],"replies":[{"embeddable":true,"href":"https:\/\/elzbietanska.pl\/index.php\/wp-json\/wp\/v2\/comments?post=714"}],"version-history":[{"count":10,"href":"https:\/\/elzbietanska.pl\/index.php\/wp-json\/wp\/v2\/pages\/714\/revisions"}],"predecessor-version":[{"id":1578,"href":"https:\/\/elzbietanska.pl\/index.php\/wp-json\/wp\/v2\/pages\/714\/revisions\/1578"}],"up":[{"embeddable":true,"href":"https:\/\/elzbietanska.pl\/index.php\/wp-json\/wp\/v2\/pages\/21"}],"wp:featuredmedia":[{"embeddable":true,"href":"https:\/\/elzbietanska.pl\/index.php\/wp-json\/wp\/v2\/media\/718"}],"wp:attachment":[{"href":"https:\/\/elzbietanska.pl\/index.php\/wp-json\/wp\/v2\/media?parent=714"}],"curies":[{"name":"wp","href":"https:\/\/api.w.org\/{rel}","templated":true}]}}